{"id":2311,"date":"2024-10-30T17:58:57","date_gmt":"2024-10-30T17:58:57","guid":{"rendered":"https:\/\/cmplt.es\/oei\/?page_id=2311"},"modified":"2024-11-05T12:53:28","modified_gmt":"2024-11-05T12:53:28","slug":"premio-princesa-de-asturias-de-cooperacion-internacional-2024","status":"publish","type":"page","link":"https:\/\/cmplt.es\/oei\/home\/premio-princesa-de-asturias-de-cooperacion-internacional-2024\/","title":{"rendered":"Premio Princesa de Asturias de Cooperaci\u00f3n Internacional 2024"},"content":{"rendered":"\t\t<div data-elementor-type=\"wp-page\" data-elementor-id=\"2311\" class=\"elementor elementor-2311\" data-elementor-post-type=\"page\">\n\t\t\t\t<div class=\"elementor-element elementor-element-9742ac5 e-con-full e-flex e-con e-parent\" data-id=\"9742ac5\" data-element_type=\"container\">\n\t\t<div class=\"elementor-element elementor-element-c336688 e-flex e-con-boxed e-con e-child\" data-id=\"c336688\" data-element_type=\"container\" data-settings=\"{&quot;background_background&quot;:&quot;classic&quot;}\">\n\t\t\t\t\t<div class=\"e-con-inner\">\n\t\t\t\t<div class=\"elementor-element elementor-element-01ef56a elementor-widget elementor-widget-image\" data-id=\"01ef56a\" data-element_type=\"widget\" data-widget_type=\"image.default\">\n\t\t\t\t<div class=\"elementor-widget-container\">\n\t\t\t\t\t\t\t\t\t\t\t\t\t<img fetchpriority=\"high\" decoding=\"async\" width=\"400\" height=\"400\" src=\"https:\/\/cmplt.es\/oei\/wp-content\/uploads\/2024\/10\/SelloPremiado-Cooperacio_Color.png\" class=\"attachment-large size-large wp-image-2257\" alt=\"\" srcset=\"https:\/\/cmplt.es\/oei\/wp-content\/uploads\/2024\/10\/SelloPremiado-Cooperacio_Color.png 400w, https:\/\/cmplt.es\/oei\/wp-content\/uploads\/2024\/10\/SelloPremiado-Cooperacio_Color-300x300.png 300w, https:\/\/cmplt.es\/oei\/wp-content\/uploads\/2024\/10\/SelloPremiado-Cooperacio_Color-150x150.png 150w\" sizes=\"(max-width: 400px) 100vw, 400px\" \/>\t\t\t\t\t\t\t\t\t\t\t\t\t<\/div>\n\t\t\t\t<\/div>\n\t\t\t\t<div class=\"elementor-element elementor-element-d8f85c3 elementor-widget elementor-widget-text-editor\" data-id=\"d8f85c3\" data-element_type=\"widget\" data-widget_type=\"text-editor.default\">\n\t\t\t\t<div class=\"elementor-widget-container\">\n\t\t\t\t\t\t\t<p>Premio Princesa de Asturias de Cooperaci\u00f3n Internacional 2024<\/p>\t\t\t\t\t\t<\/div>\n\t\t\t\t<\/div>\n\t\t\t\t\t<\/div>\n\t\t\t\t<\/div>\n\t\t\t\t<\/div>\n\t\t<div class=\"elementor-element elementor-element-e69e02c e-flex e-con-boxed e-con e-child\" data-id=\"e69e02c\" data-element_type=\"container\" data-settings=\"{&quot;background_background&quot;:&quot;classic&quot;}\">\n\t\t\t\t\t<div class=\"e-con-inner\">\n\t\t<div class=\"elementor-element elementor-element-8393d5a e-con-full e-flex e-con e-child\" data-id=\"8393d5a\" data-element_type=\"container\">\n\t\t\t\t<div class=\"elementor-element elementor-element-939b29a elementor-widget__width-initial elementor-widget elementor-widget-text-editor\" data-id=\"939b29a\" data-element_type=\"widget\" data-widget_type=\"text-editor.default\">\n\t\t\t\t<div class=\"elementor-widget-container\">\n\t\t\t\t\t\t\t<p class=\"p1\"><b>Bajo el lema \u00abHacemos que la cooperaci\u00f3n suceda\u00bb, la Organizaci\u00f3n de Estados Iberoamericanos para la Educaci\u00f3n, la Ciencia y la Cultura recibi\u00f3 el Premio Princesa de Asturias de Cooperaci\u00f3n Internacional 2024, el viernes, 25 de octubre.\u00a0<\/b><\/p>\t\t\t\t\t\t<\/div>\n\t\t\t\t<\/div>\n\t\t\t\t<div class=\"elementor-element elementor-element-a43ae58 elementor-widget__width-initial elementor-widget elementor-widget-text-editor\" data-id=\"a43ae58\" data-element_type=\"widget\" data-widget_type=\"text-editor.default\">\n\t\t\t\t<div class=\"elementor-widget-container\">\n\t\t\t\t\t\t\t<p class=\"p1\">El premio reconoci\u00f3 la labor de la OEI que, \u201cdesde su fundaci\u00f3n, ha desempe\u00f1ado una fruct\u00edfera labor de fomento del multilateralismo iberoamericano y un puente en las relaciones entre Europa e Iberoam\u00e9rica\u201d, tal y como apuntaba la Princesa de Asturias. Adem\u00e1s tambi\u00e9n mencionaba que \u201cla OEI hace realidad lo que tantas veces escuchamos: que s\u00f3lo la educaci\u00f3n puede transformar sociedades, consolidar la democracia y promover el respeto a los derechos humanos\u201d, reconociendo la labor de la organizaci\u00f3n de \u201cdotar a los m\u00e1s vulnerables de las herramientas necesarias para abordar y comprender mejor la vida\u201d.<\/p>\n<p class=\"p1\">La OEI representa una de las redes de cooperaci\u00f3n m\u00e1s grandes del mundo, en la que forman parte 23 estados y trabajadores de 21 nacionalidades. Sin la OEI, dif\u00edcilmente se puede entender la cooperaci\u00f3n de las \u00faltimas siete d\u00e9cadas en la regi\u00f3n.<\/p>\n<p class=\"p1\">Desde 2020, la OEI ha impactado en la vida de 11 millones de personas que se benefician de los cerca de 600 proyectos que cada a\u00f1o se gestionan en promedio. De ellos, m\u00e1s de medio mill\u00f3n corresponden a estudiantes atendidos, m\u00e1s de 60 mil a profesores formados y m\u00e1s de 4.500 a gestores culturales y artistas que son beneficiarios directos de las iniciativas que se ponen en marcha en las diferentes l\u00edneas de trabajo de la organizaci\u00f3n: educaci\u00f3n, ciencia, cultura, derechos humanos, lenguas, formaci\u00f3n y digitalizaci\u00f3n.<\/p>\t\t\t\t\t\t<\/div>\n\t\t\t\t<\/div>\n\t\t\t\t<\/div>\n\t\t<div class=\"elementor-element elementor-element-f33abda e-con-full e-flex e-con e-child\" data-id=\"f33abda\" data-element_type=\"container\">\n\t\t\t\t<div class=\"elementor-element elementor-element-7b2057e elementor-widget elementor-widget-video\" data-id=\"7b2057e\" data-element_type=\"widget\" data-settings=\"{&quot;video_type&quot;:&quot;hosted&quot;,&quot;autoplay&quot;:&quot;yes&quot;,&quot;controls&quot;:&quot;yes&quot;}\" data-widget_type=\"video.default\">\n\t\t\t\t<div class=\"elementor-widget-container\">\n\t\t\t\t\t<div class=\"e-hosted-video elementor-wrapper elementor-open-inline\">\n\t\t\t\t\t<video class=\"elementor-video\" src=\"https:\/\/cmplt.es\/oei\/wp-content\/uploads\/2024\/10\/Video_Princesa_Asturias_2.mp4\" autoplay=\"\" controls=\"\" controlsList=\"nodownload\"><\/video>\n\t\t\t\t<\/div>\n\t\t\t\t<\/div>\n\t\t\t\t<\/div>\n\t\t\t\t<div class=\"elementor-element elementor-element-8ffa8cc elementor-widget elementor-widget-video\" data-id=\"8ffa8cc\" data-element_type=\"widget\" data-settings=\"{&quot;video_type&quot;:&quot;hosted&quot;,&quot;controls&quot;:&quot;yes&quot;}\" data-widget_type=\"video.default\">\n\t\t\t\t<div class=\"elementor-widget-container\">\n\t\t\t\t\t<div class=\"e-hosted-video elementor-wrapper elementor-open-inline\">\n\t\t\t\t\t<video class=\"elementor-video\" src=\"https:\/\/cmplt.es\/oei\/wp-content\/uploads\/2024\/11\/2Juradoygala_1.mp4\" controls=\"\" preload=\"metadata\" controlsList=\"nodownload\"><\/video>\n\t\t\t\t<\/div>\n\t\t\t\t<\/div>\n\t\t\t\t<\/div>\n\t\t\t\t<div class=\"elementor-element elementor-element-31d3013 elementor-widget-divider--separator-type-pattern elementor-widget-divider--bg-round elementor-widget-divider--view-line elementor-widget elementor-widget-divider\" data-id=\"31d3013\" data-element_type=\"widget\" data-widget_type=\"divider.default\">\n\t\t\t\t<div class=\"elementor-widget-container\">\n\t\t\t\t\t<div class=\"elementor-divider\" style=\"--divider-pattern-url: url(&quot;data:image\/svg+xml,%3Csvg xmlns=&#039;http:\/\/www.w3.org\/2000\/svg&#039; preserveAspectRatio=&#039;none&#039; overflow=&#039;visible&#039; height=&#039;100%&#039; viewBox=&#039;0 0 60 30&#039; fill=&#039;black&#039; stroke=&#039;none&#039;%3E%3Crect x=&#039;15&#039; y=&#039;0&#039; width=&#039;30&#039; height=&#039;30&#039;\/%3E%3C\/svg%3E&quot;);\">\n\t\t\t<span class=\"elementor-divider-separator\">\n\t\t\t\t\t\t<\/span>\n\t\t<\/div>\n\t\t\t\t<\/div>\n\t\t\t\t<\/div>\n\t\t\t\t<div class=\"elementor-element elementor-element-99b0ecb elementor-arrows-position-inside elementor-widget elementor-widget-image-carousel\" data-id=\"99b0ecb\" data-element_type=\"widget\" data-settings=\"{&quot;slides_to_show&quot;:&quot;1&quot;,&quot;navigation&quot;:&quot;arrows&quot;,&quot;autoplay&quot;:&quot;yes&quot;,&quot;pause_on_hover&quot;:&quot;yes&quot;,&quot;pause_on_interaction&quot;:&quot;yes&quot;,&quot;autoplay_speed&quot;:5000,&quot;infinite&quot;:&quot;yes&quot;,&quot;effect&quot;:&quot;slide&quot;,&quot;speed&quot;:500}\" data-widget_type=\"image-carousel.default\">\n\t\t\t\t<div class=\"elementor-widget-container\">\n\t\t\t\t\t<div class=\"elementor-image-carousel-wrapper swiper\" dir=\"ltr\">\n\t\t\t<div class=\"elementor-image-carousel swiper-wrapper swiper-image-stretch\" aria-live=\"off\">\n\t\t\t\t\t\t\t\t<div class=\"swiper-slide\" role=\"group\" aria-roledescription=\"slide\" aria-label=\"1 de 5\"><a data-elementor-open-lightbox=\"yes\" data-elementor-lightbox-slideshow=\"99b0ecb\" data-e-action-hash=\"#elementor-action%3Aaction%3Dlightbox%26settings%3DeyJpZCI6MjM0NiwidXJsIjoiaHR0cHM6XC9cL2NtcGx0LmVzXC9vZWlcL3dwLWNvbnRlbnRcL3VwbG9hZHNcLzIwMjRcLzEwXC9QcmluY2VzYV9Bc3R1cmlhc18wMS0yLmpwZyIsInNsaWRlc2hvdyI6Ijk5YjBlY2IifQ%3D%3D\" href=\"https:\/\/cmplt.es\/oei\/wp-content\/uploads\/2024\/10\/Princesa_Asturias_01-2.jpg\"><figure class=\"swiper-slide-inner\"><img decoding=\"async\" class=\"swiper-slide-image\" src=\"https:\/\/cmplt.es\/oei\/wp-content\/uploads\/2024\/10\/Princesa_Asturias_01-2.jpg\" alt=\"Princesa_Asturias_01\" \/><\/figure><\/a><\/div><div class=\"swiper-slide\" role=\"group\" aria-roledescription=\"slide\" aria-label=\"2 de 5\"><a data-elementor-open-lightbox=\"yes\" data-elementor-lightbox-slideshow=\"99b0ecb\" data-e-action-hash=\"#elementor-action%3Aaction%3Dlightbox%26settings%3DeyJpZCI6MjM0NSwidXJsIjoiaHR0cHM6XC9cL2NtcGx0LmVzXC9vZWlcL3dwLWNvbnRlbnRcL3VwbG9hZHNcLzIwMjRcLzEwXC9QcmluY2VzYV9Bc3R1cmlhc18wMi0yLmpwZyIsInNsaWRlc2hvdyI6Ijk5YjBlY2IifQ%3D%3D\" href=\"https:\/\/cmplt.es\/oei\/wp-content\/uploads\/2024\/10\/Princesa_Asturias_02-2.jpg\"><figure class=\"swiper-slide-inner\"><img decoding=\"async\" class=\"swiper-slide-image\" src=\"https:\/\/cmplt.es\/oei\/wp-content\/uploads\/2024\/10\/Princesa_Asturias_02-2.jpg\" alt=\"\u00a9FPA\" \/><figcaption class=\"elementor-image-carousel-caption\">\u00a9FPA<\/figcaption><\/figure><\/a><\/div><div class=\"swiper-slide\" role=\"group\" aria-roledescription=\"slide\" aria-label=\"3 de 5\"><a data-elementor-open-lightbox=\"yes\" data-elementor-lightbox-slideshow=\"99b0ecb\" data-e-action-hash=\"#elementor-action%3Aaction%3Dlightbox%26settings%3DeyJpZCI6MjM0NCwidXJsIjoiaHR0cHM6XC9cL2NtcGx0LmVzXC9vZWlcL3dwLWNvbnRlbnRcL3VwbG9hZHNcLzIwMjRcLzEwXC9QcmluY2VzYV9Bc3R1cmlhc18wMy0xLmpwZyIsInNsaWRlc2hvdyI6Ijk5YjBlY2IifQ%3D%3D\" href=\"https:\/\/cmplt.es\/oei\/wp-content\/uploads\/2024\/10\/Princesa_Asturias_03-1.jpg\"><figure class=\"swiper-slide-inner\"><img decoding=\"async\" class=\"swiper-slide-image\" src=\"https:\/\/cmplt.es\/oei\/wp-content\/uploads\/2024\/10\/Princesa_Asturias_03-1.jpg\" alt=\"\u00a9FPA\" \/><figcaption class=\"elementor-image-carousel-caption\">\u00a9FPA<\/figcaption><\/figure><\/a><\/div><div class=\"swiper-slide\" role=\"group\" aria-roledescription=\"slide\" aria-label=\"4 de 5\"><a data-elementor-open-lightbox=\"yes\" data-elementor-lightbox-slideshow=\"99b0ecb\" data-e-action-hash=\"#elementor-action%3Aaction%3Dlightbox%26settings%3DeyJpZCI6MjM0MywidXJsIjoiaHR0cHM6XC9cL2NtcGx0LmVzXC9vZWlcL3dwLWNvbnRlbnRcL3VwbG9hZHNcLzIwMjRcLzEwXC9QcmluY2VzYV9Bc3R1cmlhc18wNC0xLmpwZyIsInNsaWRlc2hvdyI6Ijk5YjBlY2IifQ%3D%3D\" href=\"https:\/\/cmplt.es\/oei\/wp-content\/uploads\/2024\/10\/Princesa_Asturias_04-1.jpg\"><figure class=\"swiper-slide-inner\"><img decoding=\"async\" class=\"swiper-slide-image\" src=\"https:\/\/cmplt.es\/oei\/wp-content\/uploads\/2024\/10\/Princesa_Asturias_04-1.jpg\" alt=\"\u00a9FPA\" \/><figcaption class=\"elementor-image-carousel-caption\">\u00a9FPA<\/figcaption><\/figure><\/a><\/div><div class=\"swiper-slide\" role=\"group\" aria-roledescription=\"slide\" aria-label=\"5 de 5\"><a data-elementor-open-lightbox=\"yes\" data-elementor-lightbox-slideshow=\"99b0ecb\" data-e-action-hash=\"#elementor-action%3Aaction%3Dlightbox%26settings%3DeyJpZCI6MjM0MiwidXJsIjoiaHR0cHM6XC9cL2NtcGx0LmVzXC9vZWlcL3dwLWNvbnRlbnRcL3VwbG9hZHNcLzIwMjRcLzEwXC9QcmluY2VzYV9Bc3R1cmlhc18wNS0xLmpwZyIsInNsaWRlc2hvdyI6Ijk5YjBlY2IifQ%3D%3D\" href=\"https:\/\/cmplt.es\/oei\/wp-content\/uploads\/2024\/10\/Princesa_Asturias_05-1.jpg\"><figure class=\"swiper-slide-inner\"><img decoding=\"async\" class=\"swiper-slide-image\" src=\"https:\/\/cmplt.es\/oei\/wp-content\/uploads\/2024\/10\/Princesa_Asturias_05-1.jpg\" alt=\"\u00a9RTVE\" \/><figcaption class=\"elementor-image-carousel-caption\">\u00a9RTVE<\/figcaption><\/figure><\/a><\/div>\t\t\t<\/div>\n\t\t\t\t\t\t\t\t\t\t\t\t<div class=\"elementor-swiper-button elementor-swiper-button-prev\" role=\"button\" tabindex=\"0\">\n\t\t\t\t\t\t<svg aria-hidden=\"true\" class=\"e-font-icon-svg e-eicon-chevron-left\" viewBox=\"0 0 1000 1000\" xmlns=\"http:\/\/www.w3.org\/2000\/svg\"><path d=\"M646 125C629 125 613 133 604 142L308 442C296 454 292 471 292 487 292 504 296 521 308 533L604 854C617 867 629 875 646 875 663 875 679 871 692 858 704 846 713 829 713 812 713 796 708 779 692 767L438 487 692 225C700 217 708 204 708 187 708 171 704 154 692 142 675 129 663 125 646 125Z\"><\/path><\/svg>\t\t\t\t\t<\/div>\n\t\t\t\t\t<div class=\"elementor-swiper-button elementor-swiper-button-next\" role=\"button\" tabindex=\"0\">\n\t\t\t\t\t\t<svg aria-hidden=\"true\" class=\"e-font-icon-svg e-eicon-chevron-right\" viewBox=\"0 0 1000 1000\" xmlns=\"http:\/\/www.w3.org\/2000\/svg\"><path d=\"M696 533C708 521 713 504 713 487 713 471 708 454 696 446L400 146C388 133 375 125 354 125 338 125 325 129 313 142 300 154 292 171 292 187 292 204 296 221 308 233L563 492 304 771C292 783 288 800 288 817 288 833 296 850 308 863 321 871 338 875 354 875 371 875 388 867 400 854L696 533Z\"><\/path><\/svg>\t\t\t\t\t<\/div>\n\t\t\t\t\n\t\t\t\t\t\t\t\t\t<\/div>\n\t\t\t\t<\/div>\n\t\t\t\t<\/div>\n\t\t\t\t<\/div>\n\t\t\t\t\t<\/div>\n\t\t\t\t<\/div>\n\t\t\t\t<\/div>\n\t\t","protected":false},"excerpt":{"rendered":"<p>Premio Princesa de Asturias de Cooperaci\u00f3n Internacional 2024 Bajo el lema \u00abHacemos que la cooperaci\u00f3n suceda\u00bb, la Organizaci\u00f3n de Estados Iberoamericanos para la Educaci\u00f3n, la Ciencia y la Cultura recibi\u00f3 el Premio Princesa de Asturias de Cooperaci\u00f3n Internacional 2024, el viernes, 25 de octubre.\u00a0 El premio reconoci\u00f3 la labor de la OEI que, \u201cdesde su [&hellip;]<\/p>\n","protected":false},"author":1,"featured_media":0,"parent":11,"menu_order":0,"comment_status":"closed","ping_status":"closed","template":"","meta":{"_acf_changed":false,"footnotes":""},"idioma":[53],"class_list":["post-2311","page","type-page","status-publish","hentry","idioma-esp"],"acf":[],"_links":{"self":[{"href":"https:\/\/cmplt.es\/oei\/wp-json\/wp\/v2\/pages\/2311"}],"collection":[{"href":"https:\/\/cmplt.es\/oei\/wp-json\/wp\/v2\/pages"}],"about":[{"href":"https:\/\/cmplt.es\/oei\/wp-json\/wp\/v2\/types\/page"}],"author":[{"embeddable":true,"href":"https:\/\/cmplt.es\/oei\/wp-json\/wp\/v2\/users\/1"}],"replies":[{"embeddable":true,"href":"https:\/\/cmplt.es\/oei\/wp-json\/wp\/v2\/comments?post=2311"}],"version-history":[{"count":22,"href":"https:\/\/cmplt.es\/oei\/wp-json\/wp\/v2\/pages\/2311\/revisions"}],"predecessor-version":[{"id":3148,"href":"https:\/\/cmplt.es\/oei\/wp-json\/wp\/v2\/pages\/2311\/revisions\/3148"}],"up":[{"embeddable":true,"href":"https:\/\/cmplt.es\/oei\/wp-json\/wp\/v2\/pages\/11"}],"wp:attachment":[{"href":"https:\/\/cmplt.es\/oei\/wp-json\/wp\/v2\/media?parent=2311"}],"wp:term":[{"taxonomy":"idioma","embeddable":true,"href":"https:\/\/cmplt.es\/oei\/wp-json\/wp\/v2\/idioma?post=2311"}],"curies":[{"name":"wp","href":"https:\/\/api.w.org\/{rel}","templated":true}]}}