{"id":2921,"date":"2024-11-02T10:07:10","date_gmt":"2024-11-02T10:07:10","guid":{"rendered":"https:\/\/cmplt.es\/oei\/?page_id=2921"},"modified":"2024-11-05T12:53:37","modified_gmt":"2024-11-05T12:53:37","slug":"premio-princesa-de-asturias-de-cooperacion-internacional-2024-pt","status":"publish","type":"page","link":"https:\/\/cmplt.es\/oei\/home-pt\/premio-princesa-de-asturias-de-cooperacion-internacional-2024-pt\/","title":{"rendered":"Premio Princesa de Asturias de Cooperaci\u00f3n Internacional 2024 PT"},"content":{"rendered":"\t\t<div data-elementor-type=\"wp-page\" data-elementor-id=\"2921\" class=\"elementor elementor-2921\" data-elementor-post-type=\"page\">\n\t\t\t\t<div class=\"elementor-element elementor-element-9742ac5 e-con-full e-flex e-con e-parent\" data-id=\"9742ac5\" data-element_type=\"container\">\n\t\t<div class=\"elementor-element elementor-element-c336688 e-flex e-con-boxed e-con e-child\" data-id=\"c336688\" data-element_type=\"container\" data-settings=\"{&quot;background_background&quot;:&quot;classic&quot;}\">\n\t\t\t\t\t<div class=\"e-con-inner\">\n\t\t\t\t<div class=\"elementor-element elementor-element-01ef56a elementor-widget elementor-widget-image\" data-id=\"01ef56a\" data-element_type=\"widget\" data-widget_type=\"image.default\">\n\t\t\t\t<div class=\"elementor-widget-container\">\n\t\t\t\t\t\t\t\t\t\t\t\t\t<img fetchpriority=\"high\" decoding=\"async\" width=\"400\" height=\"400\" src=\"https:\/\/cmplt.es\/oei\/wp-content\/uploads\/2024\/10\/SelloPremiado-Cooperacio_Color.png\" class=\"attachment-large size-large wp-image-2257\" alt=\"\" srcset=\"https:\/\/cmplt.es\/oei\/wp-content\/uploads\/2024\/10\/SelloPremiado-Cooperacio_Color.png 400w, https:\/\/cmplt.es\/oei\/wp-content\/uploads\/2024\/10\/SelloPremiado-Cooperacio_Color-300x300.png 300w, https:\/\/cmplt.es\/oei\/wp-content\/uploads\/2024\/10\/SelloPremiado-Cooperacio_Color-150x150.png 150w\" sizes=\"(max-width: 400px) 100vw, 400px\" \/>\t\t\t\t\t\t\t\t\t\t\t\t\t<\/div>\n\t\t\t\t<\/div>\n\t\t\t\t<div class=\"elementor-element elementor-element-d8f85c3 elementor-widget elementor-widget-text-editor\" data-id=\"d8f85c3\" data-element_type=\"widget\" data-widget_type=\"text-editor.default\">\n\t\t\t\t<div class=\"elementor-widget-container\">\n\t\t\t\t\t\t\t<p>Pr\u00eamio Princesa das Ast\u00farias de Coopera\u00e7\u00e3o Internacional 2024<\/p>\t\t\t\t\t\t<\/div>\n\t\t\t\t<\/div>\n\t\t\t\t\t<\/div>\n\t\t\t\t<\/div>\n\t\t\t\t<\/div>\n\t\t<div class=\"elementor-element elementor-element-e69e02c e-flex e-con-boxed e-con e-child\" data-id=\"e69e02c\" data-element_type=\"container\" data-settings=\"{&quot;background_background&quot;:&quot;classic&quot;}\">\n\t\t\t\t\t<div class=\"e-con-inner\">\n\t\t<div class=\"elementor-element elementor-element-8393d5a e-con-full e-flex e-con e-child\" data-id=\"8393d5a\" data-element_type=\"container\">\n\t\t\t\t<div class=\"elementor-element elementor-element-939b29a elementor-widget__width-initial elementor-widget elementor-widget-text-editor\" data-id=\"939b29a\" data-element_type=\"widget\" data-widget_type=\"text-editor.default\">\n\t\t\t\t<div class=\"elementor-widget-container\">\n\t\t\t\t\t\t\t<p class=\"p1\"><b>Em conson\u00e2ncia com o lema \u00abFazemos da coopera\u00e7\u00e3o uma realidade\u00bb, a Organiza\u00e7\u00e3o de Estados Ibero-Americanos para a Educa\u00e7\u00e3o, a Ci\u00eancia e a Cultura recebeu no dia 25 de outubro, o Pr\u00eamio Princesa das Ast\u00farias de Coopera\u00e7\u00e3o Internacional 2024.<\/b><\/p>\t\t\t\t\t\t<\/div>\n\t\t\t\t<\/div>\n\t\t\t\t<div class=\"elementor-element elementor-element-a43ae58 elementor-widget__width-initial elementor-widget elementor-widget-text-editor\" data-id=\"a43ae58\" data-element_type=\"widget\" data-widget_type=\"text-editor.default\">\n\t\t\t\t<div class=\"elementor-widget-container\">\n\t\t\t\t\t\t\t<p>O pr\u00eamio \u00e9 um reconhecimento ao trabalho da OEI que, \u201cdesde a sua funda\u00e7\u00e3o, tem desempenhado um papel frut\u00edfero na promo\u00e7\u00e3o do multilateralismo Ibero-Am\u00e9rica e tem sido uma ponte nas rela\u00e7\u00f5es entre a Europa e a Ibero-Am\u00e9rica\u201d, como destacou a Princesa das Ast\u00farias. Ela tamb\u00e9m mencionou que \u201ca OEI concretiza o que ouvimos com tanta frequ\u00eancia: que somente a educa\u00e7\u00e3o pode transformar as sociedades, consolidar a democracia e promover o respeito pelos direitos humanos\u201d, destacando o compromisso e o empenho da organiza\u00e7\u00e3o em \u201cdotar os mais vulner\u00e1veis das ferramentas necess\u00e1rias para enfrentar e compreender melhor a vida\u201d.<\/p><p><span style=\"color: var( --e-global-color-text ); font-family: var( --e-global-typography-primary-font-family ), Sans-serif; font-weight: var( --e-global-typography-primary-font-weight ); text-align: var(--text-align); font-size: 1rem;\">A OEI representa uma das maiores redes de coopera\u00e7\u00e3o do mundo, da qual fazem parte 23 estados e trabalhadores de 21 nacionalidades. Sem a OEI, \u00e9 dif\u00edcil entender a coopera\u00e7\u00e3o das \u00faltimas sete d\u00e9cadas na regi\u00e3o.<\/span><\/p><p>Desde 2020, a OEI tem impactado a vida de 11 milh\u00f5es de pessoas que se beneficiam dos quase 600 projetos, em m\u00e9dia, gerenciados a cada ano. Desse total, mais de meio milh\u00e3o correspondem a estudantes, mais de 60.000 s\u00e3o professores, e mais de 4.500 s\u00e3o gestores culturais e artistas, todos benefici\u00e1rios diretos das iniciativas implementadas nas diferentes linhas de trabalho da organiza\u00e7\u00e3o: educa\u00e7\u00e3o, ci\u00eancia, cultura, direitos humanos, l\u00ednguas, forma\u00e7\u00e3o e digitaliza\u00e7\u00e3o.<\/p>\t\t\t\t\t\t<\/div>\n\t\t\t\t<\/div>\n\t\t\t\t<\/div>\n\t\t<div class=\"elementor-element elementor-element-f33abda e-con-full e-flex e-con e-child\" data-id=\"f33abda\" data-element_type=\"container\">\n\t\t\t\t<div class=\"elementor-element elementor-element-7b2057e elementor-widget elementor-widget-video\" data-id=\"7b2057e\" data-element_type=\"widget\" data-settings=\"{&quot;video_type&quot;:&quot;hosted&quot;,&quot;autoplay&quot;:&quot;yes&quot;,&quot;controls&quot;:&quot;yes&quot;}\" data-widget_type=\"video.default\">\n\t\t\t\t<div class=\"elementor-widget-container\">\n\t\t\t\t\t<div class=\"e-hosted-video elementor-wrapper elementor-open-inline\">\n\t\t\t\t\t<video class=\"elementor-video\" src=\"https:\/\/cmplt.es\/oei\/wp-content\/uploads\/2024\/10\/Video_Princesa_Asturias_2.mp4\" autoplay=\"\" controls=\"\" controlsList=\"nodownload\"><\/video>\n\t\t\t\t<\/div>\n\t\t\t\t<\/div>\n\t\t\t\t<\/div>\n\t\t\t\t<div class=\"elementor-element elementor-element-84a9f93 elementor-widget elementor-widget-video\" data-id=\"84a9f93\" data-element_type=\"widget\" data-settings=\"{&quot;video_type&quot;:&quot;hosted&quot;,&quot;controls&quot;:&quot;yes&quot;}\" data-widget_type=\"video.default\">\n\t\t\t\t<div class=\"elementor-widget-container\">\n\t\t\t\t\t<div class=\"e-hosted-video elementor-wrapper elementor-open-inline\">\n\t\t\t\t\t<video class=\"elementor-video\" src=\"https:\/\/cmplt.es\/oei\/wp-content\/uploads\/2024\/11\/2Juradoygala_1.mp4\" controls=\"\" preload=\"metadata\" controlsList=\"nodownload\"><\/video>\n\t\t\t\t<\/div>\n\t\t\t\t<\/div>\n\t\t\t\t<\/div>\n\t\t\t\t<div class=\"elementor-element elementor-element-31d3013 elementor-widget-divider--separator-type-pattern elementor-widget-divider--bg-round elementor-widget-divider--view-line elementor-widget elementor-widget-divider\" data-id=\"31d3013\" data-element_type=\"widget\" data-widget_type=\"divider.default\">\n\t\t\t\t<div class=\"elementor-widget-container\">\n\t\t\t\t\t<div class=\"elementor-divider\" style=\"--divider-pattern-url: url(&quot;data:image\/svg+xml,%3Csvg xmlns=&#039;http:\/\/www.w3.org\/2000\/svg&#039; preserveAspectRatio=&#039;none&#039; overflow=&#039;visible&#039; height=&#039;100%&#039; viewBox=&#039;0 0 60 30&#039; fill=&#039;black&#039; stroke=&#039;none&#039;%3E%3Crect x=&#039;15&#039; y=&#039;0&#039; width=&#039;30&#039; height=&#039;30&#039;\/%3E%3C\/svg%3E&quot;);\">\n\t\t\t<span class=\"elementor-divider-separator\">\n\t\t\t\t\t\t<\/span>\n\t\t<\/div>\n\t\t\t\t<\/div>\n\t\t\t\t<\/div>\n\t\t\t\t<div class=\"elementor-element elementor-element-99b0ecb elementor-arrows-position-inside elementor-widget elementor-widget-image-carousel\" data-id=\"99b0ecb\" data-element_type=\"widget\" data-settings=\"{&quot;slides_to_show&quot;:&quot;1&quot;,&quot;navigation&quot;:&quot;arrows&quot;,&quot;autoplay&quot;:&quot;yes&quot;,&quot;pause_on_hover&quot;:&quot;yes&quot;,&quot;pause_on_interaction&quot;:&quot;yes&quot;,&quot;autoplay_speed&quot;:5000,&quot;infinite&quot;:&quot;yes&quot;,&quot;effect&quot;:&quot;slide&quot;,&quot;speed&quot;:500}\" data-widget_type=\"image-carousel.default\">\n\t\t\t\t<div class=\"elementor-widget-container\">\n\t\t\t\t\t<div class=\"elementor-image-carousel-wrapper swiper\" dir=\"ltr\">\n\t\t\t<div class=\"elementor-image-carousel swiper-wrapper swiper-image-stretch\" aria-live=\"off\">\n\t\t\t\t\t\t\t\t<div class=\"swiper-slide\" role=\"group\" aria-roledescription=\"slide\" aria-label=\"1 de 5\"><a data-elementor-open-lightbox=\"yes\" data-elementor-lightbox-slideshow=\"99b0ecb\" data-e-action-hash=\"#elementor-action%3Aaction%3Dlightbox%26settings%3DeyJpZCI6MjM0NiwidXJsIjoiaHR0cHM6XC9cL2NtcGx0LmVzXC9vZWlcL3dwLWNvbnRlbnRcL3VwbG9hZHNcLzIwMjRcLzEwXC9QcmluY2VzYV9Bc3R1cmlhc18wMS0yLmpwZyIsInNsaWRlc2hvdyI6Ijk5YjBlY2IifQ%3D%3D\" href=\"https:\/\/cmplt.es\/oei\/wp-content\/uploads\/2024\/10\/Princesa_Asturias_01-2.jpg\"><figure class=\"swiper-slide-inner\"><img decoding=\"async\" class=\"swiper-slide-image\" src=\"https:\/\/cmplt.es\/oei\/wp-content\/uploads\/2024\/10\/Princesa_Asturias_01-2.jpg\" alt=\"Princesa_Asturias_01\" \/><\/figure><\/a><\/div><div class=\"swiper-slide\" role=\"group\" aria-roledescription=\"slide\" aria-label=\"2 de 5\"><a data-elementor-open-lightbox=\"yes\" data-elementor-lightbox-slideshow=\"99b0ecb\" data-e-action-hash=\"#elementor-action%3Aaction%3Dlightbox%26settings%3DeyJpZCI6MjM0NSwidXJsIjoiaHR0cHM6XC9cL2NtcGx0LmVzXC9vZWlcL3dwLWNvbnRlbnRcL3VwbG9hZHNcLzIwMjRcLzEwXC9QcmluY2VzYV9Bc3R1cmlhc18wMi0yLmpwZyIsInNsaWRlc2hvdyI6Ijk5YjBlY2IifQ%3D%3D\" href=\"https:\/\/cmplt.es\/oei\/wp-content\/uploads\/2024\/10\/Princesa_Asturias_02-2.jpg\"><figure class=\"swiper-slide-inner\"><img decoding=\"async\" class=\"swiper-slide-image\" src=\"https:\/\/cmplt.es\/oei\/wp-content\/uploads\/2024\/10\/Princesa_Asturias_02-2.jpg\" alt=\"\u00a9FPA\" \/><figcaption class=\"elementor-image-carousel-caption\">\u00a9FPA<\/figcaption><\/figure><\/a><\/div><div class=\"swiper-slide\" role=\"group\" aria-roledescription=\"slide\" aria-label=\"3 de 5\"><a data-elementor-open-lightbox=\"yes\" data-elementor-lightbox-slideshow=\"99b0ecb\" data-e-action-hash=\"#elementor-action%3Aaction%3Dlightbox%26settings%3DeyJpZCI6MjM0NCwidXJsIjoiaHR0cHM6XC9cL2NtcGx0LmVzXC9vZWlcL3dwLWNvbnRlbnRcL3VwbG9hZHNcLzIwMjRcLzEwXC9QcmluY2VzYV9Bc3R1cmlhc18wMy0xLmpwZyIsInNsaWRlc2hvdyI6Ijk5YjBlY2IifQ%3D%3D\" href=\"https:\/\/cmplt.es\/oei\/wp-content\/uploads\/2024\/10\/Princesa_Asturias_03-1.jpg\"><figure class=\"swiper-slide-inner\"><img decoding=\"async\" class=\"swiper-slide-image\" src=\"https:\/\/cmplt.es\/oei\/wp-content\/uploads\/2024\/10\/Princesa_Asturias_03-1.jpg\" alt=\"\u00a9FPA\" \/><figcaption class=\"elementor-image-carousel-caption\">\u00a9FPA<\/figcaption><\/figure><\/a><\/div><div class=\"swiper-slide\" role=\"group\" aria-roledescription=\"slide\" aria-label=\"4 de 5\"><a data-elementor-open-lightbox=\"yes\" data-elementor-lightbox-slideshow=\"99b0ecb\" data-e-action-hash=\"#elementor-action%3Aaction%3Dlightbox%26settings%3DeyJpZCI6MjM0MywidXJsIjoiaHR0cHM6XC9cL2NtcGx0LmVzXC9vZWlcL3dwLWNvbnRlbnRcL3VwbG9hZHNcLzIwMjRcLzEwXC9QcmluY2VzYV9Bc3R1cmlhc18wNC0xLmpwZyIsInNsaWRlc2hvdyI6Ijk5YjBlY2IifQ%3D%3D\" href=\"https:\/\/cmplt.es\/oei\/wp-content\/uploads\/2024\/10\/Princesa_Asturias_04-1.jpg\"><figure class=\"swiper-slide-inner\"><img decoding=\"async\" class=\"swiper-slide-image\" src=\"https:\/\/cmplt.es\/oei\/wp-content\/uploads\/2024\/10\/Princesa_Asturias_04-1.jpg\" alt=\"\u00a9FPA\" \/><figcaption class=\"elementor-image-carousel-caption\">\u00a9FPA<\/figcaption><\/figure><\/a><\/div><div class=\"swiper-slide\" role=\"group\" aria-roledescription=\"slide\" aria-label=\"5 de 5\"><a data-elementor-open-lightbox=\"yes\" data-elementor-lightbox-slideshow=\"99b0ecb\" data-e-action-hash=\"#elementor-action%3Aaction%3Dlightbox%26settings%3DeyJpZCI6MjM0MiwidXJsIjoiaHR0cHM6XC9cL2NtcGx0LmVzXC9vZWlcL3dwLWNvbnRlbnRcL3VwbG9hZHNcLzIwMjRcLzEwXC9QcmluY2VzYV9Bc3R1cmlhc18wNS0xLmpwZyIsInNsaWRlc2hvdyI6Ijk5YjBlY2IifQ%3D%3D\" href=\"https:\/\/cmplt.es\/oei\/wp-content\/uploads\/2024\/10\/Princesa_Asturias_05-1.jpg\"><figure class=\"swiper-slide-inner\"><img decoding=\"async\" class=\"swiper-slide-image\" src=\"https:\/\/cmplt.es\/oei\/wp-content\/uploads\/2024\/10\/Princesa_Asturias_05-1.jpg\" alt=\"\u00a9RTVE\" \/><figcaption class=\"elementor-image-carousel-caption\">\u00a9RTVE<\/figcaption><\/figure><\/a><\/div>\t\t\t<\/div>\n\t\t\t\t\t\t\t\t\t\t\t\t<div class=\"elementor-swiper-button elementor-swiper-button-prev\" role=\"button\" tabindex=\"0\">\n\t\t\t\t\t\t<svg aria-hidden=\"true\" class=\"e-font-icon-svg e-eicon-chevron-left\" viewBox=\"0 0 1000 1000\" xmlns=\"http:\/\/www.w3.org\/2000\/svg\"><path d=\"M646 125C629 125 613 133 604 142L308 442C296 454 292 471 292 487 292 504 296 521 308 533L604 854C617 867 629 875 646 875 663 875 679 871 692 858 704 846 713 829 713 812 713 796 708 779 692 767L438 487 692 225C700 217 708 204 708 187 708 171 704 154 692 142 675 129 663 125 646 125Z\"><\/path><\/svg>\t\t\t\t\t<\/div>\n\t\t\t\t\t<div class=\"elementor-swiper-button elementor-swiper-button-next\" role=\"button\" tabindex=\"0\">\n\t\t\t\t\t\t<svg aria-hidden=\"true\" class=\"e-font-icon-svg e-eicon-chevron-right\" viewBox=\"0 0 1000 1000\" xmlns=\"http:\/\/www.w3.org\/2000\/svg\"><path d=\"M696 533C708 521 713 504 713 487 713 471 708 454 696 446L400 146C388 133 375 125 354 125 338 125 325 129 313 142 300 154 292 171 292 187 292 204 296 221 308 233L563 492 304 771C292 783 288 800 288 817 288 833 296 850 308 863 321 871 338 875 354 875 371 875 388 867 400 854L696 533Z\"><\/path><\/svg>\t\t\t\t\t<\/div>\n\t\t\t\t\n\t\t\t\t\t\t\t\t\t<\/div>\n\t\t\t\t<\/div>\n\t\t\t\t<\/div>\n\t\t\t\t<\/div>\n\t\t\t\t\t<\/div>\n\t\t\t\t<\/div>\n\t\t\t\t<\/div>\n\t\t","protected":false},"excerpt":{"rendered":"<p>Pr\u00eamio Princesa das Ast\u00farias de Coopera\u00e7\u00e3o Internacional 2024 Em conson\u00e2ncia com o lema \u00abFazemos da coopera\u00e7\u00e3o uma realidade\u00bb, a Organiza\u00e7\u00e3o de Estados Ibero-Americanos para a Educa\u00e7\u00e3o, a Ci\u00eancia e a Cultura recebeu no dia 25 de outubro, o Pr\u00eamio Princesa das Ast\u00farias de Coopera\u00e7\u00e3o Internacional 2024. O pr\u00eamio \u00e9 um reconhecimento ao trabalho da OEI [&hellip;]<\/p>\n","protected":false},"author":1,"featured_media":0,"parent":2809,"menu_order":0,"comment_status":"closed","ping_status":"closed","template":"","meta":{"_acf_changed":false,"footnotes":""},"idioma":[54],"class_list":["post-2921","page","type-page","status-publish","hentry","idioma-pt"],"acf":[],"_links":{"self":[{"href":"https:\/\/cmplt.es\/oei\/wp-json\/wp\/v2\/pages\/2921"}],"collection":[{"href":"https:\/\/cmplt.es\/oei\/wp-json\/wp\/v2\/pages"}],"about":[{"href":"https:\/\/cmplt.es\/oei\/wp-json\/wp\/v2\/types\/page"}],"author":[{"embeddable":true,"href":"https:\/\/cmplt.es\/oei\/wp-json\/wp\/v2\/users\/1"}],"replies":[{"embeddable":true,"href":"https:\/\/cmplt.es\/oei\/wp-json\/wp\/v2\/comments?post=2921"}],"version-history":[{"count":10,"href":"https:\/\/cmplt.es\/oei\/wp-json\/wp\/v2\/pages\/2921\/revisions"}],"predecessor-version":[{"id":3151,"href":"https:\/\/cmplt.es\/oei\/wp-json\/wp\/v2\/pages\/2921\/revisions\/3151"}],"up":[{"embeddable":true,"href":"https:\/\/cmplt.es\/oei\/wp-json\/wp\/v2\/pages\/2809"}],"wp:attachment":[{"href":"https:\/\/cmplt.es\/oei\/wp-json\/wp\/v2\/media?parent=2921"}],"wp:term":[{"taxonomy":"idioma","embeddable":true,"href":"https:\/\/cmplt.es\/oei\/wp-json\/wp\/v2\/idioma?post=2921"}],"curies":[{"name":"wp","href":"https:\/\/api.w.org\/{rel}","templated":true}]}}